{"id":1251,"date":"2021-11-29T08:19:42","date_gmt":"2021-11-29T08:19:42","guid":{"rendered":"https:\/\/www.freeman-it-consulting.com\/ueber-uns\/"},"modified":"2021-11-29T08:33:05","modified_gmt":"2021-11-29T08:33:05","slug":"ueber-uns","status":"publish","type":"page","link":"https:\/\/www.freeman-it-consulting.com\/de\/ueber-uns\/","title":{"rendered":"\u00dcber uns"},"content":{"rendered":"<div class=\"fusion-fullwidth fullwidth-box fusion-builder-row-1 fusion-flex-container nonhundred-percent-fullwidth non-hundred-percent-height-scrolling\" style=\"--awb-background-position:left center;--awb-border-radius-top-left:0px;--awb-border-radius-top-right:0px;--awb-border-radius-bottom-right:0px;--awb-border-radius-bottom-left:0px;--awb-padding-top:0px;--awb-padding-bottom:50px;--awb-padding-left:0px;--awb-padding-left-medium:30px;--awb-padding-left-small:30px;--awb-margin-top:0px;--awb-flex-wrap:wrap;\" ><div class=\"fusion-builder-row fusion-row fusion-flex-align-items-flex-start fusion-flex-justify-content-flex-end fusion-flex-content-wrap\" style=\"max-width:calc( 1200px + 40px );margin-left: calc(-40px \/ 2 );margin-right: calc(-40px \/ 2 );\"><div class=\"fusion-layout-column fusion_builder_column fusion-builder-column-0 fusion_builder_column_1_2 1_2 fusion-flex-column fusion-flex-align-self-flex-start fusion-animated\" style=\"--awb-padding-top:3%;--awb-padding-right:3%;--awb-padding-right-medium:0px;--awb-bg-size:cover;--awb-width-large:50%;--awb-margin-top-large:40px;--awb-spacing-right-large:20px;--awb-margin-bottom-large:40px;--awb-spacing-left-large:20px;--awb-width-medium:50%;--awb-order-medium:0;--awb-spacing-right-medium:20px;--awb-spacing-left-medium:20px;--awb-width-small:100%;--awb-order-small:0;--awb-spacing-right-small:20px;--awb-margin-bottom-small:51px;--awb-spacing-left-small:20px;\" data-animationType=\"fadeInLeft\" data-animationDuration=\"1.0\" data-animationOffset=\"top-into-view\"><div class=\"fusion-column-wrapper fusion-column-has-shadow fusion-flex-justify-content-flex-start fusion-content-layout-column\"><div class=\"fusion-title title fusion-title-1 fusion-sep-none fusion-title-text fusion-title-size-three\" style=\"--awb-text-color:#bcbf50;--awb-margin-top:-10px;\"><h3 class=\"fusion-title-heading title-heading-left md-text-align-center sm-text-align-center fusion-responsive-typography-calculated\" style=\"font-family:&quot;Poppins&quot;;font-style:normal;font-weight:800;margin:0;--fontSize:28;--minFontSize:28;line-height:1.3;\"><p style=\"text-align: left;\">Digital Business liegt uns im Blut!<\/p><\/h3><\/div><div class=\"fusion-text fusion-text-1 sm-text-align-center\" style=\"--awb-content-alignment:left;--awb-font-size:18px;--awb-text-transform:none;--awb-text-color:#7e858e;\"><p style=\"text-align: left;\"><strong>Mit mehr als 25 Jahre Jahren Erfahrung im IT- und Business-Consulting sind wir der richtige Partner f\u00fcr Ihr Vorhaben:<\/strong><\/p>\n<ul style=\"text-align: left;\">\n<li>Project Management<\/li>\n<li>Optimierung von Gesch\u00e4ftsprozessen<\/li>\n<li>In und Outsourcing<\/li>\n<li>Umstrukturierungs- und Gesch\u00e4ftsumwandlungsl\u00f6sungen (Business Transformation)<\/li>\n<\/ul>\n<p style=\"text-align: left;\">Bei uns k\u00f6nnen Sie sich auf ein individuelles Coaching verlassen, bei der Ihre Unternehmensstrategie, Ihre Mitarbeiter und Sie im Mittelpunkt stehen.<br \/>\nOb gro\u00dfe oder kleine Herausforderungen, global oder lokal: gemeinsam erstellen wir ein ma\u00dfgeschneidertes Konzept und arbeiten umsetzbare L\u00f6sungen aus.<\/p>\n<p style=\"text-align: left;\">Mit unserer langj\u00e4hrigen Erfahrung verf\u00fcgen wir \u00fcber fundierte Expertise in verschiedensten Arbeitsbereichen und wissen genau, worauf es ankommt. Wir sind genau der richtige Ansprechpartner, wenn Sie Unterst\u00fctzung bei der Digitalisierung Ihres Unternehmens ben\u00f6tigen. Uns finden Sie in Stuttgart &#8211; unsere Arbeit ist \u00fcberall in D.A.CH., Belgien, Luxemburg und Frankreich.<\/p>\n<p style=\"text-align: left;\">Wir sprechen die Sprache unserer Kunden. (Franz\u00f6sisch, Englisch und Deutsch)<\/p>\n<p><strong>Kompetenzen:<\/strong><\/p>\n<ul>\n<li>SAP SD Consulting<\/li>\n<li>SAP Basis Support<\/li>\n<li>SAP ERP<\/li>\n<li>SAP ECC<\/li>\n<li>Cloud Management<\/li>\n<li>Amazon Web Services<\/li>\n<li>Microsoft Azure<\/li>\n<li>Salesforce.com Administration<\/li>\n<li>International Project Management<\/li>\n<\/ul>\n<\/div><div class=\"fusion-title title fusion-title-2 fusion-sep-none fusion-title-text fusion-title-size-three\" style=\"--awb-margin-top:30px;\"><h3 class=\"fusion-title-heading title-heading-left fusion-responsive-typography-calculated\" style=\"margin:0;--fontSize:28;--minFontSize:28;line-height:1.3;\"><p style=\"text-align: center;\"><em><strong>\u00a0\u201cBE THE BEST YOU CAN BE\u201d!\u00a0 Zeit f\u00fcr Ver\u00e4nderung!<\/strong><\/em><\/p><\/h3><\/div><div style=\"text-align:center;\"><a class=\"fusion-button button-flat fusion-button-default-size button-default fusion-button-default button-1 fusion-button-default-span fusion-button-default-type\" style=\"--button_margin-top:30px;\" target=\"_self\" href=\"https:\/\/www.freeman-it-consulting.com\/kontakt\/?lang=de\"><span class=\"fusion-button-text\">Anfrage<\/span><\/a><\/div><\/div><\/div><div class=\"fusion-layout-column fusion_builder_column fusion-builder-column-1 fusion_builder_column_1_2 1_2 fusion-flex-column fusion-animated\" style=\"--awb-padding-top:40px;--awb-padding-right:40px;--awb-padding-bottom:40px;--awb-padding-left:40px;--awb-overflow:hidden;--awb-bg-image:linear-gradient(180deg, #023859 0%,#000000 100%);--awb-bg-size:cover;--awb-border-radius:12px 12px 12px 12px;--awb-width-large:50%;--awb-margin-top-large:-30px;--awb-spacing-right-large:20px;--awb-margin-bottom-large:30px;--awb-spacing-left-large:20px;--awb-width-medium:50%;--awb-order-medium:0;--awb-spacing-right-medium:20px;--awb-spacing-left-medium:20px;--awb-width-small:100%;--awb-order-small:0;--awb-spacing-right-small:20px;--awb-spacing-left-small:20px;\" data-animationType=\"fadeInRight\" data-animationDuration=\"1.0\" data-animationOffset=\"top-into-view\"><div class=\"fusion-column-wrapper fusion-column-has-shadow fusion-flex-justify-content-flex-start fusion-content-layout-column\"><div class=\"fusion-builder-row fusion-builder-row-inner fusion-row fusion-flex-align-items-flex-start fusion-flex-justify-content-flex-end fusion-flex-content-wrap\" style=\"width:calc( 100% + 40px ) !important;max-width:calc( 100% + 40px ) !important;margin-left: calc(-40px \/ 2 );margin-right: calc(-40px \/ 2 );\"><div class=\"fusion-layout-column fusion_builder_column_inner fusion-builder-nested-column-0 fusion_builder_column_inner_1_2 1_2 fusion-flex-column\" style=\"--awb-bg-size:cover;--awb-width-large:50%;--awb-margin-top-large:0px;--awb-spacing-right-large:20px;--awb-margin-bottom-large:20px;--awb-spacing-left-large:20px;--awb-width-medium:50%;--awb-order-medium:0;--awb-spacing-right-medium:20px;--awb-spacing-left-medium:20px;--awb-width-small:100%;--awb-order-small:0;--awb-spacing-right-small:20px;--awb-spacing-left-small:20px;\"><div class=\"fusion-column-wrapper fusion-column-has-shadow fusion-flex-justify-content-flex-start fusion-content-layout-column\"><div class=\"fusion-image-element \" style=\"text-align:left;--awb-caption-title-font-family:var(--h2_typography-font-family);--awb-caption-title-font-weight:var(--h2_typography-font-weight);--awb-caption-title-font-style:var(--h2_typography-font-style);--awb-caption-title-size:var(--h2_typography-font-size);--awb-caption-title-transform:var(--h2_typography-text-transform);--awb-caption-title-line-height:var(--h2_typography-line-height);--awb-caption-title-letter-spacing:var(--h2_typography-letter-spacing);\"><span class=\" fusion-imageframe imageframe-none imageframe-1 hover-type-none\" style=\"border-radius:12px;\"><img decoding=\"async\" width=\"1072\" height=\"1307\" title=\"Profile\" src=\"https:\/\/www.freeman-it-consulting.com\/wp-content\/uploads\/2021\/11\/Profile.jpg\" data-orig-src=\"https:\/\/www.freeman-it-consulting.com\/wp-content\/uploads\/2021\/11\/Profile.jpg\" alt class=\"lazyload img-responsive wp-image-1254\" srcset=\"data:image\/svg+xml,%3Csvg%20xmlns%3D%27http%3A%2F%2Fwww.w3.org%2F2000%2Fsvg%27%20width%3D%271072%27%20height%3D%271307%27%20viewBox%3D%270%200%201072%201307%27%3E%3Crect%20width%3D%271072%27%20height%3D%271307%27%20fill-opacity%3D%220%22%2F%3E%3C%2Fsvg%3E\" data-srcset=\"https:\/\/www.freeman-it-consulting.com\/wp-content\/uploads\/2021\/11\/Profile-200x244.jpg 200w, https:\/\/www.freeman-it-consulting.com\/wp-content\/uploads\/2021\/11\/Profile-400x488.jpg 400w, https:\/\/www.freeman-it-consulting.com\/wp-content\/uploads\/2021\/11\/Profile-600x732.jpg 600w, https:\/\/www.freeman-it-consulting.com\/wp-content\/uploads\/2021\/11\/Profile-800x975.jpg 800w, https:\/\/www.freeman-it-consulting.com\/wp-content\/uploads\/2021\/11\/Profile.jpg 1072w\" data-sizes=\"auto\" data-orig-sizes=\"(max-width: 640px) 100vw, 600px\" \/><\/span><\/div><\/div><\/div><div class=\"fusion-layout-column fusion_builder_column_inner fusion-builder-nested-column-1 fusion_builder_column_inner_1_2 1_2 fusion-flex-column fusion-flex-align-self-center\" style=\"--awb-bg-size:cover;--awb-width-large:50%;--awb-margin-top-large:0px;--awb-spacing-right-large:20px;--awb-margin-bottom-large:20px;--awb-spacing-left-large:20px;--awb-width-medium:50%;--awb-order-medium:0;--awb-spacing-right-medium:20px;--awb-spacing-left-medium:20px;--awb-width-small:100%;--awb-order-small:0;--awb-spacing-right-small:20px;--awb-spacing-left-small:20px;\"><div class=\"fusion-column-wrapper fusion-column-has-shadow fusion-flex-justify-content-flex-start fusion-content-layout-column\"><div class=\"fusion-title title fusion-title-3 fusion-sep-none fusion-title-text fusion-title-size-three\" style=\"--awb-text-color:#bcbf50;--awb-font-size:28px;\"><h3 class=\"fusion-title-heading title-heading-left fusion-responsive-typography-calculated\" style=\"margin:0;font-size:1em;--fontSize:28;--minFontSize:28;line-height:1.3;\"><strong>Amen Figah<\/strong><\/h3><\/div><div class=\"fusion-title title fusion-title-4 fusion-sep-none fusion-title-text fusion-title-size-four\" style=\"--awb-text-color:#ffffff;--awb-font-size:18px;\"><h4 class=\"fusion-title-heading title-heading-left fusion-responsive-typography-calculated\" style=\"margin:0;font-size:1em;--fontSize:18;--minFontSize:18;line-height:1.36;\">Certified Scrum Master \/ Consultant SAP ERP (R\/3, ECC, S\/4HANA)<\/h4><\/div><\/div><\/div><\/div><div class=\"fusion-text fusion-text-2 sm-text-align-center\" style=\"--awb-content-alignment:left;--awb-font-size:16px;--awb-text-transform:none;--awb-text-color:#ffffff;--awb-text-font-family:&quot;Poppins&quot;;--awb-text-font-style:normal;--awb-text-font-weight:500;\"><h3><span style=\"color: #ffffff;\">Work Experience<\/span><\/h3>\n<p><strong>2020 &#8211; present<\/strong><br \/>\nSAP CERTIFIED APPLICATION ASSOCIATE &#8211; BUSINESS PROCESS<br \/>\nINTEGRATION WITH SAP S\/4HANA<br \/>\nFreeman IT &amp; Business Consulting<\/p>\n<p><strong>2019<br \/>\n<\/strong>FREELANCER &#8211; CONSULTANT PROJECT MANAGER FULL TIME<br \/>\nCarestream Dental Germany GmbH<\/p>\n<p><strong>1998 &#8211; 2019<br \/>\n<\/strong>BUSINESS &amp; SYSTEMS ANALYST<br \/>\nEastman Kodak GmbH \/ Carestream Dental Germany GmbH<\/p>\n<p><strong>1997 &#8211; 1998<br \/>\n<\/strong>IT &amp; BUSINESS SUPPORT<br \/>\nHMSC Hoffmann Motorcycle &amp; Scooter Center in Ditzingen<\/p>\n<p><strong>1994 &#8211; 1997<br \/>\n<\/strong>PROJECT MANAGEMENT ANALYST<br \/>\nSozialamt der Landeshauptstadt, Stuttgart (Social Welfare Office)<\/p>\n<div class=\"fusion-separator fusion-full-width-sep\" style=\"align-self: center;margin-left: auto;margin-right: auto;width:100%;\"><div class=\"fusion-separator-border sep-double\" style=\"--awb-height:20px;--awb-amount:20px;--awb-sep-color:#ffffff;border-color:#ffffff;border-top-width:1px;border-bottom-width:1px;\"><\/div><\/div>\n<h3><span style=\"color: #ffffff;\">Education<\/span><\/h3>\n<p><strong>2021<\/strong><br \/>\nCERTIFIED SCRUMMASTER<br \/>\nScrum Alliance, Agile Project Management<\/p>\n<p><strong>2020<\/strong><br \/>\nSAP CERTIFIED CONSULTANT &#8211; S\/4HANA<br \/>\nSAP &#8211; alfatraining, SAP Certified Application Associate &#8211; Business<br \/>\nProcess Integration with SAP S\/4HANA<\/p>\n<p><strong>1991<\/strong><br \/>\nMASTER OF SCIENCE IN ECONOMICS<br \/>\nUniversity of Leningrad, International Economic Relations<\/p>\n<\/div><\/div><\/div><\/div><\/div>\n","protected":false},"excerpt":{"rendered":"","protected":false},"author":3,"featured_media":0,"parent":0,"menu_order":0,"comment_status":"closed","ping_status":"closed","template":"100-width.php","meta":{"_price":"","_stock":"","_tribe_ticket_header":"","_tribe_default_ticket_provider":"","_ticket_start_date":"","_ticket_end_date":"","_tribe_ticket_show_description":"","_tribe_ticket_show_not_going":false,"_tribe_ticket_use_global_stock":"","_tribe_ticket_global_stock_level":"","_global_stock_mode":"","_global_stock_cap":"","_tribe_rsvp_for_event":"","_tribe_ticket_going_count":"","_tribe_ticket_not_going_count":"","_tribe_tickets_list":"[]","_tribe_ticket_has_attendee_info_fields":false,"footnotes":"","_tec_slr_enabled":"","_tec_slr_layout":""},"class_list":["post-1251","page","type-page","status-publish","hentry"],"ticketed":false,"_links":{"self":[{"href":"https:\/\/www.freeman-it-consulting.com\/de\/wp-json\/wp\/v2\/pages\/1251","targetHints":{"allow":["GET"]}}],"collection":[{"href":"https:\/\/www.freeman-it-consulting.com\/de\/wp-json\/wp\/v2\/pages"}],"about":[{"href":"https:\/\/www.freeman-it-consulting.com\/de\/wp-json\/wp\/v2\/types\/page"}],"author":[{"embeddable":true,"href":"https:\/\/www.freeman-it-consulting.com\/de\/wp-json\/wp\/v2\/users\/3"}],"replies":[{"embeddable":true,"href":"https:\/\/www.freeman-it-consulting.com\/de\/wp-json\/wp\/v2\/comments?post=1251"}],"version-history":[{"count":5,"href":"https:\/\/www.freeman-it-consulting.com\/de\/wp-json\/wp\/v2\/pages\/1251\/revisions"}],"predecessor-version":[{"id":1273,"href":"https:\/\/www.freeman-it-consulting.com\/de\/wp-json\/wp\/v2\/pages\/1251\/revisions\/1273"}],"wp:attachment":[{"href":"https:\/\/www.freeman-it-consulting.com\/de\/wp-json\/wp\/v2\/media?parent=1251"}],"curies":[{"name":"wp","href":"https:\/\/api.w.org\/{rel}","templated":true}]}}