{"id":1307,"date":"2021-11-29T09:39:24","date_gmt":"2021-11-29T09:39:24","guid":{"rendered":"https:\/\/www.freeman-it-consulting.com\/a-propos-de-nous\/"},"modified":"2021-12-07T11:52:28","modified_gmt":"2021-12-07T11:52:28","slug":"a-propos-de-nous","status":"publish","type":"page","link":"https:\/\/www.freeman-it-consulting.com\/fr\/a-propos-de-nous\/","title":{"rendered":"\u00c0 propos de nous"},"content":{"rendered":"<div class=\"fusion-fullwidth fullwidth-box fusion-builder-row-1 fusion-flex-container nonhundred-percent-fullwidth non-hundred-percent-height-scrolling\" style=\"--awb-background-position:left center;--awb-border-radius-top-left:0px;--awb-border-radius-top-right:0px;--awb-border-radius-bottom-right:0px;--awb-border-radius-bottom-left:0px;--awb-padding-top:0px;--awb-padding-bottom:50px;--awb-padding-left:0px;--awb-padding-left-medium:30px;--awb-padding-left-small:30px;--awb-margin-top:0px;--awb-flex-wrap:wrap;\" ><div class=\"fusion-builder-row fusion-row fusion-flex-align-items-flex-start fusion-flex-justify-content-flex-end fusion-flex-content-wrap\" style=\"max-width:calc( 1200px + 40px );margin-left: calc(-40px \/ 2 );margin-right: calc(-40px \/ 2 );\"><div class=\"fusion-layout-column fusion_builder_column fusion-builder-column-0 fusion_builder_column_1_2 1_2 fusion-flex-column fusion-flex-align-self-flex-start fusion-animated\" style=\"--awb-padding-top:3%;--awb-padding-right:2%;--awb-padding-right-medium:0px;--awb-bg-size:cover;--awb-width-large:50%;--awb-margin-top-large:40px;--awb-spacing-right-large:20px;--awb-margin-bottom-large:40px;--awb-spacing-left-large:20px;--awb-width-medium:50%;--awb-order-medium:0;--awb-spacing-right-medium:20px;--awb-spacing-left-medium:20px;--awb-width-small:100%;--awb-order-small:0;--awb-spacing-right-small:20px;--awb-margin-bottom-small:51px;--awb-spacing-left-small:20px;\" data-animationType=\"fadeInLeft\" data-animationDuration=\"1.0\" data-animationOffset=\"top-into-view\"><div class=\"fusion-column-wrapper fusion-column-has-shadow fusion-flex-justify-content-flex-start fusion-content-layout-column\"><div class=\"fusion-title title fusion-title-1 fusion-sep-none fusion-title-text fusion-title-size-three\" style=\"--awb-text-color:#bcbf50;--awb-margin-top:-10px;--awb-font-size:28px;\"><h3 class=\"fusion-title-heading title-heading-left md-text-align-center sm-text-align-center fusion-responsive-typography-calculated\" style=\"font-family:&quot;Poppins&quot;;font-style:normal;font-weight:800;margin:0;font-size:1em;--fontSize:28;--minFontSize:28;line-height:1.3;\"><p style=\"text-align: left;\">L\u2019entreprise num\u00e9rique &#8211; notre m\u00e9tier !<\/p><\/h3><\/div><div class=\"fusion-text fusion-text-1 sm-text-align-center\" style=\"--awb-content-alignment:left;--awb-font-size:18px;--awb-text-transform:none;--awb-text-color:#7e858e;\"><p style=\"text-align: left;\"><strong>Avec plus de 25 ans d\u2019exp\u00e9rience, nous avons une expertise approfondie dans une grande vari\u00e9t\u00e9 de domaines:<\/strong><\/p>\n<ul style=\"text-align: left;\">\n<li>Gestion de projet<\/li>\n<li>Optimisation des processus d\u2019affaires<\/li>\n<li>In et externalisation<\/li>\n<li>Solutions de restructuration et de transformation des activit\u00e9s (Transformation des activit\u00e9s)<\/li>\n<\/ul>\n<p style=\"text-align: left;\">Nous vous assurons un coaching individuel qui se concentre sur votre strat\u00e9gie d\u2019entreprise, vos employ\u00e9s et vous. Qu\u2019il s\u2019agisse de grands ou de petits d\u00e9fis, internationaux ou locaux : ensemble, nous cr\u00e9ons un concept sur mesure adapt\u00e9 \u00e0 vos besoins et travaillons sur des solutions r\u00e9alisables.<\/p>\n<p style=\"text-align: left;\">Nous avons une expertise approfondie dans une grande vari\u00e9t\u00e9 de domaines de travail et savons exactement ce qui est important. Nous sommes le partenaire qu\u2019il vous faut, si vous avez besoin d\u2019aide dans la num\u00e9risation de votre entreprise. Vous pouvez nous trouver \u00e0 Stuttgart &#8211; notre travail est partout en Allemagne, en Autriche, en Suisse, en Belgique, au Luxembourg et en France.<\/p>\n<p style=\"text-align: left;\">Nous parlons la langue de nos clients. (Fran\u00e7ais, anglais et allemand)<\/p>\n<p><strong>Nos comp\u00e9tences:<\/strong><\/p>\n<ul>\n<li>SAP SD Consulting<\/li>\n<li>SAP Basis Support<\/li>\n<li>SAP ERP<\/li>\n<li>SAP ECC<\/li>\n<li>Cloud Management<\/li>\n<li>Amazon Web Services<\/li>\n<li>Microsoft Azure<\/li>\n<li>Salesforce.com Administration<\/li>\n<li>International Project Management<\/li>\n<\/ul>\n<\/div><div class=\"fusion-title title fusion-title-2 fusion-sep-none fusion-title-text fusion-title-size-three\" style=\"--awb-margin-top:30px;\"><h3 class=\"fusion-title-heading title-heading-left fusion-responsive-typography-calculated\" style=\"margin:0;--fontSize:28;--minFontSize:28;line-height:1.3;\"><p style=\"text-align: center;\"><em><strong>\u00a0\u201cSoyez le meilleur de vous m\u00eame\u201d!\u00a0 Il est temps de changer !<\/strong><\/em><\/p><\/h3><\/div><div style=\"text-align:center;\"><a class=\"fusion-button button-flat fusion-button-default-size button-default fusion-button-default button-1 fusion-button-default-span fusion-button-default-type\" style=\"--button_margin-top:30px;\" target=\"_self\" href=\"https:\/\/www.freeman-it-consulting.com\/nous-contacter\/?lang=fr\"><span class=\"fusion-button-text\">Nous contacter<\/span><\/a><\/div><\/div><\/div><div class=\"fusion-layout-column fusion_builder_column fusion-builder-column-1 fusion_builder_column_1_2 1_2 fusion-flex-column fusion-animated\" style=\"--awb-padding-top:40px;--awb-padding-right:40px;--awb-padding-bottom:40px;--awb-padding-left:40px;--awb-overflow:hidden;--awb-bg-image:linear-gradient(180deg, #023859 0%,#000000 100%);--awb-bg-size:cover;--awb-border-radius:12px 12px 12px 12px;--awb-width-large:50%;--awb-margin-top-large:-30px;--awb-spacing-right-large:20px;--awb-margin-bottom-large:30px;--awb-spacing-left-large:20px;--awb-width-medium:50%;--awb-order-medium:0;--awb-spacing-right-medium:20px;--awb-spacing-left-medium:20px;--awb-width-small:100%;--awb-order-small:0;--awb-spacing-right-small:20px;--awb-spacing-left-small:20px;\" data-animationType=\"fadeInRight\" data-animationDuration=\"1.0\" data-animationOffset=\"top-into-view\"><div class=\"fusion-column-wrapper fusion-column-has-shadow fusion-flex-justify-content-flex-start fusion-content-layout-column\"><div class=\"fusion-builder-row fusion-builder-row-inner fusion-row fusion-flex-align-items-flex-start fusion-flex-justify-content-flex-end fusion-flex-content-wrap\" style=\"width:calc( 100% + 40px ) !important;max-width:calc( 100% + 40px ) !important;margin-left: calc(-40px \/ 2 );margin-right: calc(-40px \/ 2 );\"><div class=\"fusion-layout-column fusion_builder_column_inner fusion-builder-nested-column-0 fusion_builder_column_inner_1_2 1_2 fusion-flex-column\" style=\"--awb-bg-size:cover;--awb-width-large:50%;--awb-margin-top-large:0px;--awb-spacing-right-large:20px;--awb-margin-bottom-large:20px;--awb-spacing-left-large:20px;--awb-width-medium:50%;--awb-order-medium:0;--awb-spacing-right-medium:20px;--awb-spacing-left-medium:20px;--awb-width-small:100%;--awb-order-small:0;--awb-spacing-right-small:20px;--awb-spacing-left-small:20px;\"><div class=\"fusion-column-wrapper fusion-column-has-shadow fusion-flex-justify-content-flex-start fusion-content-layout-column\"><div class=\"fusion-image-element \" style=\"text-align:left;--awb-caption-title-font-family:var(--h2_typography-font-family);--awb-caption-title-font-weight:var(--h2_typography-font-weight);--awb-caption-title-font-style:var(--h2_typography-font-style);--awb-caption-title-size:var(--h2_typography-font-size);--awb-caption-title-transform:var(--h2_typography-text-transform);--awb-caption-title-line-height:var(--h2_typography-line-height);--awb-caption-title-letter-spacing:var(--h2_typography-letter-spacing);\"><span class=\" fusion-imageframe imageframe-none imageframe-1 hover-type-none\" style=\"border-radius:12px;\"><img decoding=\"async\" width=\"1072\" height=\"1307\" title=\"Profile\" src=\"https:\/\/www.freeman-it-consulting.com\/wp-content\/uploads\/2021\/11\/Profile.jpg\" data-orig-src=\"https:\/\/www.freeman-it-consulting.com\/wp-content\/uploads\/2021\/11\/Profile.jpg\" alt class=\"lazyload img-responsive wp-image-1310\" srcset=\"data:image\/svg+xml,%3Csvg%20xmlns%3D%27http%3A%2F%2Fwww.w3.org%2F2000%2Fsvg%27%20width%3D%271072%27%20height%3D%271307%27%20viewBox%3D%270%200%201072%201307%27%3E%3Crect%20width%3D%271072%27%20height%3D%271307%27%20fill-opacity%3D%220%22%2F%3E%3C%2Fsvg%3E\" data-srcset=\"https:\/\/www.freeman-it-consulting.com\/wp-content\/uploads\/2021\/11\/Profile-200x244.jpg 200w, https:\/\/www.freeman-it-consulting.com\/wp-content\/uploads\/2021\/11\/Profile-400x488.jpg 400w, https:\/\/www.freeman-it-consulting.com\/wp-content\/uploads\/2021\/11\/Profile-600x732.jpg 600w, https:\/\/www.freeman-it-consulting.com\/wp-content\/uploads\/2021\/11\/Profile-800x975.jpg 800w, https:\/\/www.freeman-it-consulting.com\/wp-content\/uploads\/2021\/11\/Profile.jpg 1072w\" data-sizes=\"auto\" data-orig-sizes=\"(max-width: 640px) 100vw, 600px\" \/><\/span><\/div><\/div><\/div><div class=\"fusion-layout-column fusion_builder_column_inner fusion-builder-nested-column-1 fusion_builder_column_inner_1_2 1_2 fusion-flex-column fusion-flex-align-self-center\" style=\"--awb-bg-size:cover;--awb-width-large:50%;--awb-margin-top-large:0px;--awb-spacing-right-large:20px;--awb-margin-bottom-large:20px;--awb-spacing-left-large:20px;--awb-width-medium:50%;--awb-order-medium:0;--awb-spacing-right-medium:20px;--awb-spacing-left-medium:20px;--awb-width-small:100%;--awb-order-small:0;--awb-spacing-right-small:20px;--awb-spacing-left-small:20px;\"><div class=\"fusion-column-wrapper fusion-column-has-shadow fusion-flex-justify-content-flex-start fusion-content-layout-column\"><div class=\"fusion-title title fusion-title-3 fusion-sep-none fusion-title-text fusion-title-size-three\" style=\"--awb-text-color:#bcbf50;--awb-font-size:28px;\"><h3 class=\"fusion-title-heading title-heading-left fusion-responsive-typography-calculated\" style=\"margin:0;font-size:1em;--fontSize:28;--minFontSize:28;line-height:1.3;\"><strong>Amen Figah<\/strong><\/h3><\/div><div class=\"fusion-title title fusion-title-4 fusion-sep-none fusion-title-text fusion-title-size-four\" style=\"--awb-text-color:#ffffff;--awb-font-size:18px;\"><h4 class=\"fusion-title-heading title-heading-left fusion-responsive-typography-calculated\" style=\"margin:0;font-size:1em;--fontSize:18;--minFontSize:18;line-height:1.36;\">Certified Scrum Master \/ Consultant SAP ERP (R\/3, ECC, S\/4HANA)<\/h4><\/div><\/div><\/div><\/div><div class=\"fusion-text fusion-text-2 sm-text-align-center\" style=\"--awb-content-alignment:left;--awb-font-size:16px;--awb-text-transform:none;--awb-text-color:#ffffff;--awb-text-font-family:&quot;Poppins&quot;;--awb-text-font-style:normal;--awb-text-font-weight:500;\"><h3><span style=\"color: #ffffff;\">Work Experience<\/span><\/h3>\n<p><strong>2020 &#8211; present<\/strong><br \/>\nSAP CERTIFIED APPLICATION ASSOCIATE &#8211; BUSINESS PROCESS<br \/>\nINTEGRATION WITH SAP S\/4HANA<br \/>\nFreeman IT &amp; Business Consulting<\/p>\n<p><strong>2019<br \/>\n<\/strong>FREELANCER &#8211; CONSULTANT PROJECT MANAGER FULL TIME<br \/>\nCarestream Dental Germany GmbH<\/p>\n<p><strong>1998 &#8211; 2019<br \/>\n<\/strong>BUSINESS &amp; SYSTEMS ANALYST<br \/>\nEastman Kodak GmbH \/ Carestream Dental Germany GmbH<\/p>\n<p><strong>1997 &#8211; 1998<br \/>\n<\/strong>IT &amp; BUSINESS SUPPORT<br \/>\nHMSC Hoffmann Motorcycle &amp; Scooter Center in Ditzingen<\/p>\n<p><strong>1994 &#8211; 1997<br \/>\n<\/strong>PROJECT MANAGEMENT ANALYST<br \/>\nSozialamt der Landeshauptstadt, Stuttgart (Social Welfare Office)<\/p>\n<div class=\"fusion-separator fusion-full-width-sep\" style=\"align-self: center;margin-left: auto;margin-right: auto;width:100%;\"><div class=\"fusion-separator-border sep-double\" style=\"--awb-height:20px;--awb-amount:20px;--awb-sep-color:#ffffff;border-color:#ffffff;border-top-width:1px;border-bottom-width:1px;\"><\/div><\/div>\n<h3><span style=\"color: #ffffff;\">Education<\/span><\/h3>\n<p><strong>2021<\/strong><br \/>\nCERTIFIED SCRUMMASTER<br \/>\nScrum Alliance, Agile Project Management<\/p>\n<p><strong>2020<\/strong><br \/>\nSAP CERTIFIED CONSULTANT &#8211; S\/4HANA<br \/>\nSAP &#8211; alfatraining, SAP Certified Application Associate &#8211; Business<br \/>\nProcess Integration with SAP S\/4HANA<\/p>\n<p><strong>1991<\/strong><br \/>\nMASTER OF SCIENCE IN ECONOMICS<br \/>\nUniversity of Leningrad, International Economic Relations<\/p>\n<\/div><\/div><\/div><\/div><\/div>\n","protected":false},"excerpt":{"rendered":"","protected":false},"author":3,"featured_media":0,"parent":0,"menu_order":0,"comment_status":"closed","ping_status":"closed","template":"100-width.php","meta":{"_price":"","_stock":"","_tribe_ticket_header":"","_tribe_default_ticket_provider":"","_ticket_start_date":"","_ticket_end_date":"","_tribe_ticket_show_description":"","_tribe_ticket_show_not_going":false,"_tribe_ticket_use_global_stock":"","_tribe_ticket_global_stock_level":"","_global_stock_mode":"","_global_stock_cap":"","_tribe_rsvp_for_event":"","_tribe_ticket_going_count":"","_tribe_ticket_not_going_count":"","_tribe_tickets_list":"[]","_tribe_ticket_has_attendee_info_fields":false,"footnotes":"","_tec_slr_enabled":"","_tec_slr_layout":""},"class_list":["post-1307","page","type-page","status-publish","hentry"],"ticketed":false,"_links":{"self":[{"href":"https:\/\/www.freeman-it-consulting.com\/fr\/wp-json\/wp\/v2\/pages\/1307","targetHints":{"allow":["GET"]}}],"collection":[{"href":"https:\/\/www.freeman-it-consulting.com\/fr\/wp-json\/wp\/v2\/pages"}],"about":[{"href":"https:\/\/www.freeman-it-consulting.com\/fr\/wp-json\/wp\/v2\/types\/page"}],"author":[{"embeddable":true,"href":"https:\/\/www.freeman-it-consulting.com\/fr\/wp-json\/wp\/v2\/users\/3"}],"replies":[{"embeddable":true,"href":"https:\/\/www.freeman-it-consulting.com\/fr\/wp-json\/wp\/v2\/comments?post=1307"}],"version-history":[{"count":7,"href":"https:\/\/www.freeman-it-consulting.com\/fr\/wp-json\/wp\/v2\/pages\/1307\/revisions"}],"predecessor-version":[{"id":1483,"href":"https:\/\/www.freeman-it-consulting.com\/fr\/wp-json\/wp\/v2\/pages\/1307\/revisions\/1483"}],"wp:attachment":[{"href":"https:\/\/www.freeman-it-consulting.com\/fr\/wp-json\/wp\/v2\/media?parent=1307"}],"curies":[{"name":"wp","href":"https:\/\/api.w.org\/{rel}","templated":true}]}}